{"id":674,"date":"2014-09-21T12:06:00","date_gmt":"2014-09-21T11:06:00","guid":{"rendered":"http:\/\/patchworkinspirations.fr\/?page_id=674"},"modified":"2015-03-25T18:10:13","modified_gmt":"2015-03-25T17:10:13","slug":"antique-wedding","status":"publish","type":"page","link":"https:\/\/patchworkinspirations.fr\/?page_id=674","title":{"rendered":"Antique Wedding- Di Ford"},"content":{"rendered":"<div class=\"fcbkbttn_buttons_block\" id=\"fcbkbttn_left\"><div class=\"fcbkbttn_button\">\n\t\t\t\t\t<a href=\"https:\/\/www.facebook.com\/http:\/\/facebook.com\/patchworkinspirations\" target=\"_blank\">\n\t\t\t\t\t\t<img decoding=\"async\" src=\"https:\/\/patchworkinspirations.fr\/wp-content\/plugins\/facebook-button-plugin\/images\/standard-facebook-ico.png\" alt=\"Fb-Button\" \/>\n\t\t\t\t\t<\/a>\n\t\t\t\t<\/div><div class=\"fcbkbttn_like \"><fb:like href=\"https:\/\/patchworkinspirations.fr\/?page_id=674\" action=\"like\" colorscheme=\"light\" layout=\"button_count\"  size=\"small\"><\/fb:like><\/div><div class=\"fb-share-button  \" data-href=\"https:\/\/patchworkinspirations.fr\/?page_id=674\" data-type=\"button_count\" data-size=\"small\"><\/div><\/div><p>Cette page est consacr\u00e9e au sampler de Di Ford que je fais tous les mois avec Homestead Hearth, site bien connu de nos amies quilteuses am\u00e9ricaines.<br \/>\nIl est tir\u00e9 du livre Primarily Quilts.<br \/>\n<a href=\"http:\/\/patchworkinspirations.fr\/wp-content\/uploads\/2013\/10\/P1060006.jpg\"><img loading=\"lazy\" decoding=\"async\" src=\"http:\/\/patchworkinspirations.fr\/wp-content\/uploads\/2013\/10\/P1060006-225x300.jpg\" alt=\"P1060006\" width=\"225\" height=\"300\" class=\"alignnone size-medium wp-image-136\" srcset=\"https:\/\/patchworkinspirations.fr\/wp-content\/uploads\/2013\/10\/P1060006-225x300.jpg 225w, https:\/\/patchworkinspirations.fr\/wp-content\/uploads\/2013\/10\/P1060006-768x1024.jpg 768w, https:\/\/patchworkinspirations.fr\/wp-content\/uploads\/2013\/10\/P1060006.jpg 900w\" sizes=\"auto, (max-width: 225px) 100vw, 225px\" \/><\/a><\/p>\n<p>Chaque mois, je re\u00e7ois du tissu pour me permettre de r\u00e9aliser deux blocs.<br \/>\nLes voici :<\/p>\n<p>Bloc 1<\/p>\n<p><a href=\"http:\/\/patchworkinspirations.fr\/wp-content\/uploads\/2015\/01\/P1060889.jpg\"><img loading=\"lazy\" decoding=\"async\" src=\"http:\/\/patchworkinspirations.fr\/wp-content\/uploads\/2015\/01\/P1060889-300x225.jpg\" alt=\"P1060889\" width=\"300\" height=\"225\" class=\"alignnone size-medium wp-image-1103\" srcset=\"https:\/\/patchworkinspirations.fr\/wp-content\/uploads\/2015\/01\/P1060889-300x225.jpg 300w, https:\/\/patchworkinspirations.fr\/wp-content\/uploads\/2015\/01\/P1060889-1024x768.jpg 1024w, https:\/\/patchworkinspirations.fr\/wp-content\/uploads\/2015\/01\/P1060889-400x300.jpg 400w, https:\/\/patchworkinspirations.fr\/wp-content\/uploads\/2015\/01\/P1060889.jpg 1200w\" sizes=\"auto, (max-width: 300px) 100vw, 300px\" \/><\/a><br \/>\nQuilt\u00e9<\/p>\n<p>Bloc 2<\/p>\n<p><a href=\"http:\/\/patchworkinspirations.fr\/wp-content\/uploads\/2015\/02\/P1060905.jpg\"><img loading=\"lazy\" decoding=\"async\" src=\"http:\/\/patchworkinspirations.fr\/wp-content\/uploads\/2015\/02\/P1060905-300x225.jpg\" alt=\"P1060905\" width=\"300\" height=\"225\" class=\"alignnone size-medium wp-image-1112\" srcset=\"https:\/\/patchworkinspirations.fr\/wp-content\/uploads\/2015\/02\/P1060905-300x225.jpg 300w, https:\/\/patchworkinspirations.fr\/wp-content\/uploads\/2015\/02\/P1060905-1024x768.jpg 1024w, https:\/\/patchworkinspirations.fr\/wp-content\/uploads\/2015\/02\/P1060905-400x300.jpg 400w, https:\/\/patchworkinspirations.fr\/wp-content\/uploads\/2015\/02\/P1060905.jpg 1200w\" sizes=\"auto, (max-width: 300px) 100vw, 300px\" \/><\/a><br \/>\nQuilt\u00e9<\/p>\n<p>Bloc 3<\/p>\n<p><a href=\"http:\/\/patchworkinspirations.fr\/wp-content\/uploads\/2015\/02\/P1060914.jpg\"><img loading=\"lazy\" decoding=\"async\" src=\"http:\/\/patchworkinspirations.fr\/wp-content\/uploads\/2015\/02\/P1060914-300x225.jpg\" alt=\"P1060914\" width=\"300\" height=\"225\" class=\"alignnone size-medium wp-image-1116\" srcset=\"https:\/\/patchworkinspirations.fr\/wp-content\/uploads\/2015\/02\/P1060914-300x225.jpg 300w, https:\/\/patchworkinspirations.fr\/wp-content\/uploads\/2015\/02\/P1060914-1024x768.jpg 1024w, https:\/\/patchworkinspirations.fr\/wp-content\/uploads\/2015\/02\/P1060914-400x300.jpg 400w, https:\/\/patchworkinspirations.fr\/wp-content\/uploads\/2015\/02\/P1060914.jpg 1200w\" sizes=\"auto, (max-width: 300px) 100vw, 300px\" \/><\/a><br \/>\nQuilt\u00e9<\/p>\n<p>Bloc 4<\/p>\n<p><a href=\"http:\/\/patchworkinspirations.fr\/wp-content\/uploads\/2015\/03\/P1070040.jpg\"><img loading=\"lazy\" decoding=\"async\" src=\"http:\/\/patchworkinspirations.fr\/wp-content\/uploads\/2015\/03\/P1070040-300x225.jpg\" alt=\"P1070040\" width=\"300\" height=\"225\" class=\"alignnone size-medium wp-image-1218\" srcset=\"https:\/\/patchworkinspirations.fr\/wp-content\/uploads\/2015\/03\/P1070040-300x225.jpg 300w, https:\/\/patchworkinspirations.fr\/wp-content\/uploads\/2015\/03\/P1070040-1024x768.jpg 1024w, https:\/\/patchworkinspirations.fr\/wp-content\/uploads\/2015\/03\/P1070040-400x300.jpg 400w, https:\/\/patchworkinspirations.fr\/wp-content\/uploads\/2015\/03\/P1070040.jpg 1200w\" sizes=\"auto, (max-width: 300px) 100vw, 300px\" \/><\/a><br \/>\nQuilt\u00e9<\/p>\n<p>Bloc 5<\/p>\n<p><a href=\"http:\/\/patchworkinspirations.fr\/wp-content\/uploads\/2015\/03\/P1070041.jpg\"><img loading=\"lazy\" decoding=\"async\" src=\"http:\/\/patchworkinspirations.fr\/wp-content\/uploads\/2015\/03\/P1070041-300x225.jpg\" alt=\"P1070041\" width=\"300\" height=\"225\" class=\"alignnone size-medium wp-image-1219\" srcset=\"https:\/\/patchworkinspirations.fr\/wp-content\/uploads\/2015\/03\/P1070041-300x225.jpg 300w, https:\/\/patchworkinspirations.fr\/wp-content\/uploads\/2015\/03\/P1070041-1024x768.jpg 1024w, https:\/\/patchworkinspirations.fr\/wp-content\/uploads\/2015\/03\/P1070041-400x300.jpg 400w, https:\/\/patchworkinspirations.fr\/wp-content\/uploads\/2015\/03\/P1070041.jpg 1200w\" sizes=\"auto, (max-width: 300px) 100vw, 300px\" \/><\/a><br \/>\nQuilt\u00e9<\/p>\n<p>Bloc 6<br \/>\n<a href=\"http:\/\/patchworkinspirations.fr\/wp-content\/uploads\/2015\/03\/P1070039.jpg\"><img loading=\"lazy\" decoding=\"async\" src=\"http:\/\/patchworkinspirations.fr\/wp-content\/uploads\/2015\/03\/P1070039-300x225.jpg\" alt=\"P1070039\" width=\"300\" height=\"225\" class=\"alignnone size-medium wp-image-1217\" srcset=\"https:\/\/patchworkinspirations.fr\/wp-content\/uploads\/2015\/03\/P1070039-300x225.jpg 300w, https:\/\/patchworkinspirations.fr\/wp-content\/uploads\/2015\/03\/P1070039-1024x768.jpg 1024w, https:\/\/patchworkinspirations.fr\/wp-content\/uploads\/2015\/03\/P1070039-400x300.jpg 400w, https:\/\/patchworkinspirations.fr\/wp-content\/uploads\/2015\/03\/P1070039.jpg 1200w\" sizes=\"auto, (max-width: 300px) 100vw, 300px\" \/><\/a><br \/>\nQuilt\u00e9 <\/p>\n<p>Bloc 7<br \/>\n<a href=\"http:\/\/patchworkinspirations.fr\/wp-content\/uploads\/2014\/02\/P1060202.jpg\"><img loading=\"lazy\" decoding=\"async\" src=\"http:\/\/patchworkinspirations.fr\/wp-content\/uploads\/2014\/02\/P1060202-300x225.jpg\" alt=\"P1060202\" width=\"300\" height=\"225\" class=\"alignnone size-medium wp-image-334\" srcset=\"https:\/\/patchworkinspirations.fr\/wp-content\/uploads\/2014\/02\/P1060202-300x225.jpg 300w, https:\/\/patchworkinspirations.fr\/wp-content\/uploads\/2014\/02\/P1060202-1024x768.jpg 1024w, https:\/\/patchworkinspirations.fr\/wp-content\/uploads\/2014\/02\/P1060202-400x300.jpg 400w, https:\/\/patchworkinspirations.fr\/wp-content\/uploads\/2014\/02\/P1060202.jpg 1200w\" sizes=\"auto, (max-width: 300px) 100vw, 300px\" \/><\/a><\/p>\n<p>Bloc 8<br \/>\n<a href=\"http:\/\/patchworkinspirations.fr\/wp-content\/uploads\/2014\/03\/P1060235.jpg\"><img loading=\"lazy\" decoding=\"async\" src=\"http:\/\/patchworkinspirations.fr\/wp-content\/uploads\/2014\/03\/P1060235-300x225.jpg\" alt=\"P1060235\" width=\"300\" height=\"225\" class=\"alignnone size-medium wp-image-413\" srcset=\"https:\/\/patchworkinspirations.fr\/wp-content\/uploads\/2014\/03\/P1060235-300x225.jpg 300w, https:\/\/patchworkinspirations.fr\/wp-content\/uploads\/2014\/03\/P1060235-1024x768.jpg 1024w, https:\/\/patchworkinspirations.fr\/wp-content\/uploads\/2014\/03\/P1060235-400x300.jpg 400w, https:\/\/patchworkinspirations.fr\/wp-content\/uploads\/2014\/03\/P1060235.jpg 1200w\" sizes=\"auto, (max-width: 300px) 100vw, 300px\" \/><\/a><\/p>\n<p>Bloc 9<br \/>\n<a href=\"http:\/\/patchworkinspirations.fr\/wp-content\/uploads\/2014\/04\/P1060236.jpg\"><img loading=\"lazy\" decoding=\"async\" src=\"http:\/\/patchworkinspirations.fr\/wp-content\/uploads\/2014\/04\/P1060236-300x225.jpg\" alt=\"P1060236\" width=\"300\" height=\"225\" class=\"alignnone size-medium wp-image-419\" srcset=\"https:\/\/patchworkinspirations.fr\/wp-content\/uploads\/2014\/04\/P1060236-300x225.jpg 300w, https:\/\/patchworkinspirations.fr\/wp-content\/uploads\/2014\/04\/P1060236-1024x768.jpg 1024w, https:\/\/patchworkinspirations.fr\/wp-content\/uploads\/2014\/04\/P1060236-400x300.jpg 400w, https:\/\/patchworkinspirations.fr\/wp-content\/uploads\/2014\/04\/P1060236.jpg 1200w\" sizes=\"auto, (max-width: 300px) 100vw, 300px\" \/><\/a><\/p>\n<p>Bloc 10<br \/>\n<a href=\"http:\/\/patchworkinspirations.fr\/wp-content\/uploads\/2014\/04\/P1060237.jpg\"><img loading=\"lazy\" decoding=\"async\" src=\"http:\/\/patchworkinspirations.fr\/wp-content\/uploads\/2014\/04\/P1060237-300x225.jpg\" alt=\"P1060237\" width=\"300\" height=\"225\" class=\"alignnone size-medium wp-image-420\" srcset=\"https:\/\/patchworkinspirations.fr\/wp-content\/uploads\/2014\/04\/P1060237-300x225.jpg 300w, https:\/\/patchworkinspirations.fr\/wp-content\/uploads\/2014\/04\/P1060237-1024x768.jpg 1024w, https:\/\/patchworkinspirations.fr\/wp-content\/uploads\/2014\/04\/P1060237-400x300.jpg 400w, https:\/\/patchworkinspirations.fr\/wp-content\/uploads\/2014\/04\/P1060237.jpg 1200w\" sizes=\"auto, (max-width: 300px) 100vw, 300px\" \/><\/a><\/p>\n<p>Bloc 11<br \/>\n<a href=\"http:\/\/patchworkinspirations.fr\/wp-content\/uploads\/2014\/05\/P1060269.jpg\"><img loading=\"lazy\" decoding=\"async\" src=\"http:\/\/patchworkinspirations.fr\/wp-content\/uploads\/2014\/05\/P1060269-300x225.jpg\" alt=\"P1060269\" width=\"300\" height=\"225\" class=\"alignnone size-medium wp-image-445\" srcset=\"https:\/\/patchworkinspirations.fr\/wp-content\/uploads\/2014\/05\/P1060269-300x225.jpg 300w, https:\/\/patchworkinspirations.fr\/wp-content\/uploads\/2014\/05\/P1060269-1024x768.jpg 1024w, https:\/\/patchworkinspirations.fr\/wp-content\/uploads\/2014\/05\/P1060269-400x300.jpg 400w, https:\/\/patchworkinspirations.fr\/wp-content\/uploads\/2014\/05\/P1060269.jpg 1200w\" sizes=\"auto, (max-width: 300px) 100vw, 300px\" \/><\/a><\/p>\n<p>Bloc 12<br \/>\n<a href=\"http:\/\/patchworkinspirations.fr\/wp-content\/uploads\/2014\/06\/P1060320.jpg\"><img loading=\"lazy\" decoding=\"async\" src=\"http:\/\/patchworkinspirations.fr\/wp-content\/uploads\/2014\/06\/P1060320-300x225.jpg\" alt=\"P1060320\" width=\"300\" height=\"225\" class=\"alignnone size-medium wp-image-492\" srcset=\"https:\/\/patchworkinspirations.fr\/wp-content\/uploads\/2014\/06\/P1060320-300x225.jpg 300w, https:\/\/patchworkinspirations.fr\/wp-content\/uploads\/2014\/06\/P1060320-1024x768.jpg 1024w, https:\/\/patchworkinspirations.fr\/wp-content\/uploads\/2014\/06\/P1060320-400x300.jpg 400w, https:\/\/patchworkinspirations.fr\/wp-content\/uploads\/2014\/06\/P1060320.jpg 1200w\" sizes=\"auto, (max-width: 300px) 100vw, 300px\" \/><\/a><\/p>\n<p>Bloc 13<br \/>\n<a href=\"http:\/\/patchworkinspirations.fr\/wp-content\/uploads\/2014\/05\/P1060277.jpg\"><img loading=\"lazy\" decoding=\"async\" src=\"http:\/\/patchworkinspirations.fr\/wp-content\/uploads\/2014\/05\/P1060277-300x225.jpg\" alt=\"P1060277\" width=\"300\" height=\"225\" class=\"alignnone size-medium wp-image-450\" srcset=\"https:\/\/patchworkinspirations.fr\/wp-content\/uploads\/2014\/05\/P1060277-300x225.jpg 300w, https:\/\/patchworkinspirations.fr\/wp-content\/uploads\/2014\/05\/P1060277-1024x768.jpg 1024w, https:\/\/patchworkinspirations.fr\/wp-content\/uploads\/2014\/05\/P1060277-400x300.jpg 400w, https:\/\/patchworkinspirations.fr\/wp-content\/uploads\/2014\/05\/P1060277.jpg 1200w\" sizes=\"auto, (max-width: 300px) 100vw, 300px\" \/><\/a><\/p>\n<p>Bloc 14<br \/>\n<a href=\"http:\/\/patchworkinspirations.fr\/wp-content\/uploads\/2014\/06\/P1060321.jpg\"><img loading=\"lazy\" decoding=\"async\" src=\"http:\/\/patchworkinspirations.fr\/wp-content\/uploads\/2014\/06\/P1060321-300x225.jpg\" alt=\"P1060321\" width=\"300\" height=\"225\" class=\"alignnone size-medium wp-image-493\" srcset=\"https:\/\/patchworkinspirations.fr\/wp-content\/uploads\/2014\/06\/P1060321-300x225.jpg 300w, https:\/\/patchworkinspirations.fr\/wp-content\/uploads\/2014\/06\/P1060321-1024x768.jpg 1024w, https:\/\/patchworkinspirations.fr\/wp-content\/uploads\/2014\/06\/P1060321-400x300.jpg 400w, https:\/\/patchworkinspirations.fr\/wp-content\/uploads\/2014\/06\/P1060321.jpg 1200w\" sizes=\"auto, (max-width: 300px) 100vw, 300px\" \/><\/a><\/p>\n<p>Bloc 15<br \/>\n<a href=\"http:\/\/patchworkinspirations.fr\/wp-content\/uploads\/2014\/05\/P1060288.jpg\"><img loading=\"lazy\" decoding=\"async\" src=\"http:\/\/patchworkinspirations.fr\/wp-content\/uploads\/2014\/05\/P1060288-300x225.jpg\" alt=\"P1060288\" width=\"300\" height=\"225\" class=\"alignnone size-medium wp-image-466\" srcset=\"https:\/\/patchworkinspirations.fr\/wp-content\/uploads\/2014\/05\/P1060288-300x225.jpg 300w, https:\/\/patchworkinspirations.fr\/wp-content\/uploads\/2014\/05\/P1060288-1024x768.jpg 1024w, https:\/\/patchworkinspirations.fr\/wp-content\/uploads\/2014\/05\/P1060288-400x300.jpg 400w, https:\/\/patchworkinspirations.fr\/wp-content\/uploads\/2014\/05\/P1060288.jpg 1200w\" sizes=\"auto, (max-width: 300px) 100vw, 300px\" \/><\/a><\/p>\n<p>Bloc 16<br \/>\n<a href=\"http:\/\/patchworkinspirations.fr\/wp-content\/uploads\/2014\/06\/P1060329.jpg\"><img loading=\"lazy\" decoding=\"async\" src=\"http:\/\/patchworkinspirations.fr\/wp-content\/uploads\/2014\/06\/P1060329-300x225.jpg\" alt=\"P1060329\" width=\"300\" height=\"225\" class=\"alignnone size-medium wp-image-507\" srcset=\"https:\/\/patchworkinspirations.fr\/wp-content\/uploads\/2014\/06\/P1060329-300x225.jpg 300w, https:\/\/patchworkinspirations.fr\/wp-content\/uploads\/2014\/06\/P1060329-1024x768.jpg 1024w, https:\/\/patchworkinspirations.fr\/wp-content\/uploads\/2014\/06\/P1060329-400x300.jpg 400w, https:\/\/patchworkinspirations.fr\/wp-content\/uploads\/2014\/06\/P1060329.jpg 1200w\" sizes=\"auto, (max-width: 300px) 100vw, 300px\" \/><\/a><\/p>\n<p>Bloc 17<br \/>\n<a href=\"http:\/\/patchworkinspirations.fr\/wp-content\/uploads\/2014\/06\/P1060328.jpg\"><img loading=\"lazy\" decoding=\"async\" src=\"http:\/\/patchworkinspirations.fr\/wp-content\/uploads\/2014\/06\/P1060328-300x225.jpg\" alt=\"P1060328\" width=\"300\" height=\"225\" class=\"alignnone size-medium wp-image-506\" srcset=\"https:\/\/patchworkinspirations.fr\/wp-content\/uploads\/2014\/06\/P1060328-300x225.jpg 300w, https:\/\/patchworkinspirations.fr\/wp-content\/uploads\/2014\/06\/P1060328-1024x768.jpg 1024w, https:\/\/patchworkinspirations.fr\/wp-content\/uploads\/2014\/06\/P1060328-400x300.jpg 400w, https:\/\/patchworkinspirations.fr\/wp-content\/uploads\/2014\/06\/P1060328.jpg 1200w\" sizes=\"auto, (max-width: 300px) 100vw, 300px\" \/><\/a><\/p>\n<p>Bloc 18<br \/>\n<a href=\"http:\/\/patchworkinspirations.fr\/wp-content\/uploads\/2014\/07\/P1060356.jpg\"><img loading=\"lazy\" decoding=\"async\" src=\"http:\/\/patchworkinspirations.fr\/wp-content\/uploads\/2014\/07\/P1060356-300x225.jpg\" alt=\"P1060356\" width=\"300\" height=\"225\" class=\"alignnone size-medium wp-image-544\" srcset=\"https:\/\/patchworkinspirations.fr\/wp-content\/uploads\/2014\/07\/P1060356-300x225.jpg 300w, https:\/\/patchworkinspirations.fr\/wp-content\/uploads\/2014\/07\/P1060356-1024x768.jpg 1024w, https:\/\/patchworkinspirations.fr\/wp-content\/uploads\/2014\/07\/P1060356-400x300.jpg 400w, https:\/\/patchworkinspirations.fr\/wp-content\/uploads\/2014\/07\/P1060356.jpg 1200w\" sizes=\"auto, (max-width: 300px) 100vw, 300px\" \/><\/a><\/p>\n<p>Bloc 19<br \/>\n<a href=\"http:\/\/patchworkinspirations.fr\/wp-content\/uploads\/2014\/07\/P1060357.jpg\"><img loading=\"lazy\" decoding=\"async\" src=\"http:\/\/patchworkinspirations.fr\/wp-content\/uploads\/2014\/07\/P1060357-300x225.jpg\" alt=\"P1060357\" width=\"300\" height=\"225\" class=\"alignnone size-medium wp-image-547\" srcset=\"https:\/\/patchworkinspirations.fr\/wp-content\/uploads\/2014\/07\/P1060357-300x225.jpg 300w, https:\/\/patchworkinspirations.fr\/wp-content\/uploads\/2014\/07\/P1060357-1024x768.jpg 1024w, https:\/\/patchworkinspirations.fr\/wp-content\/uploads\/2014\/07\/P1060357-400x300.jpg 400w, https:\/\/patchworkinspirations.fr\/wp-content\/uploads\/2014\/07\/P1060357.jpg 1200w\" sizes=\"auto, (max-width: 300px) 100vw, 300px\" \/><\/a><\/p>\n<p>Bloc 20<br \/>\n<a href=\"http:\/\/patchworkinspirations.fr\/wp-content\/uploads\/2014\/09\/P1060409.jpg\"><img loading=\"lazy\" decoding=\"async\" src=\"http:\/\/patchworkinspirations.fr\/wp-content\/uploads\/2014\/09\/P1060409-300x225.jpg\" alt=\"P1060409\" width=\"300\" height=\"225\" class=\"alignnone size-medium wp-image-618\" srcset=\"https:\/\/patchworkinspirations.fr\/wp-content\/uploads\/2014\/09\/P1060409-300x225.jpg 300w, https:\/\/patchworkinspirations.fr\/wp-content\/uploads\/2014\/09\/P1060409-1024x768.jpg 1024w, https:\/\/patchworkinspirations.fr\/wp-content\/uploads\/2014\/09\/P1060409-400x300.jpg 400w, https:\/\/patchworkinspirations.fr\/wp-content\/uploads\/2014\/09\/P1060409.jpg 1200w\" sizes=\"auto, (max-width: 300px) 100vw, 300px\" \/><\/a><\/p>\n<p>Bloc 21<br \/>\n<a href=\"http:\/\/patchworkinspirations.fr\/wp-content\/uploads\/2014\/09\/P1060408.jpg\"><img loading=\"lazy\" decoding=\"async\" src=\"http:\/\/patchworkinspirations.fr\/wp-content\/uploads\/2014\/09\/P1060408-300x225.jpg\" alt=\"P1060408\" width=\"300\" height=\"225\" class=\"alignnone size-medium wp-image-615\" srcset=\"https:\/\/patchworkinspirations.fr\/wp-content\/uploads\/2014\/09\/P1060408-300x225.jpg 300w, https:\/\/patchworkinspirations.fr\/wp-content\/uploads\/2014\/09\/P1060408-1024x768.jpg 1024w, https:\/\/patchworkinspirations.fr\/wp-content\/uploads\/2014\/09\/P1060408-400x300.jpg 400w, https:\/\/patchworkinspirations.fr\/wp-content\/uploads\/2014\/09\/P1060408.jpg 1200w\" sizes=\"auto, (max-width: 300px) 100vw, 300px\" \/><\/a><\/p>\n<p>Bloc 22<br \/>\n<a href=\"http:\/\/patchworkinspirations.fr\/wp-content\/uploads\/2014\/09\/P1060444.jpg\"><img loading=\"lazy\" decoding=\"async\" src=\"http:\/\/patchworkinspirations.fr\/wp-content\/uploads\/2014\/09\/P1060444-300x225.jpg\" alt=\"P1060444\" width=\"300\" height=\"225\" class=\"alignnone size-medium wp-image-713\" srcset=\"https:\/\/patchworkinspirations.fr\/wp-content\/uploads\/2014\/09\/P1060444-300x225.jpg 300w, https:\/\/patchworkinspirations.fr\/wp-content\/uploads\/2014\/09\/P1060444-1024x768.jpg 1024w, https:\/\/patchworkinspirations.fr\/wp-content\/uploads\/2014\/09\/P1060444-400x300.jpg 400w, https:\/\/patchworkinspirations.fr\/wp-content\/uploads\/2014\/09\/P1060444.jpg 1200w\" sizes=\"auto, (max-width: 300px) 100vw, 300px\" \/><\/a><\/p>\n<p>Bloc 23<br \/>\n<a href=\"http:\/\/patchworkinspirations.fr\/wp-content\/uploads\/2014\/09\/P1060443.jpg\"><img loading=\"lazy\" decoding=\"async\" src=\"http:\/\/patchworkinspirations.fr\/wp-content\/uploads\/2014\/09\/P1060443-300x225.jpg\" alt=\"P1060443\" width=\"300\" height=\"225\" class=\"alignnone size-medium wp-image-712\" srcset=\"https:\/\/patchworkinspirations.fr\/wp-content\/uploads\/2014\/09\/P1060443-300x225.jpg 300w, https:\/\/patchworkinspirations.fr\/wp-content\/uploads\/2014\/09\/P1060443-1024x768.jpg 1024w, https:\/\/patchworkinspirations.fr\/wp-content\/uploads\/2014\/09\/P1060443-400x300.jpg 400w, https:\/\/patchworkinspirations.fr\/wp-content\/uploads\/2014\/09\/P1060443.jpg 1200w\" sizes=\"auto, (max-width: 300px) 100vw, 300px\" \/><\/a><\/p>\n<p>Bloc 24<br \/>\n<a href=\"http:\/\/patchworkinspirations.fr\/wp-content\/uploads\/2014\/10\/P1060512.jpg\"><img loading=\"lazy\" decoding=\"async\" src=\"http:\/\/patchworkinspirations.fr\/wp-content\/uploads\/2014\/10\/P1060512-300x225.jpg\" alt=\"P1060512\" width=\"300\" height=\"225\" class=\"alignnone size-medium wp-image-847\" srcset=\"https:\/\/patchworkinspirations.fr\/wp-content\/uploads\/2014\/10\/P1060512-300x225.jpg 300w, https:\/\/patchworkinspirations.fr\/wp-content\/uploads\/2014\/10\/P1060512-1024x768.jpg 1024w, https:\/\/patchworkinspirations.fr\/wp-content\/uploads\/2014\/10\/P1060512-400x300.jpg 400w, https:\/\/patchworkinspirations.fr\/wp-content\/uploads\/2014\/10\/P1060512.jpg 1200w\" sizes=\"auto, (max-width: 300px) 100vw, 300px\" \/><\/a><\/p>\n<p>Bloc 25<br \/>\n<a href=\"http:\/\/patchworkinspirations.fr\/wp-content\/uploads\/2014\/10\/P1060573.jpg\"><img loading=\"lazy\" decoding=\"async\" src=\"http:\/\/patchworkinspirations.fr\/wp-content\/uploads\/2014\/10\/P1060573-300x225.jpg\" alt=\"P1060573\" width=\"300\" height=\"225\" class=\"alignnone size-medium wp-image-849\" srcset=\"https:\/\/patchworkinspirations.fr\/wp-content\/uploads\/2014\/10\/P1060573-300x225.jpg 300w, https:\/\/patchworkinspirations.fr\/wp-content\/uploads\/2014\/10\/P1060573-1024x768.jpg 1024w, https:\/\/patchworkinspirations.fr\/wp-content\/uploads\/2014\/10\/P1060573-400x300.jpg 400w, https:\/\/patchworkinspirations.fr\/wp-content\/uploads\/2014\/10\/P1060573.jpg 1200w\" sizes=\"auto, (max-width: 300px) 100vw, 300px\" \/><\/a><\/p>\n<p><a href=\"http:\/\/patchworkinspirations.fr\/wp-content\/uploads\/2014\/10\/P1060575.jpg\"><img loading=\"lazy\" decoding=\"async\" src=\"http:\/\/patchworkinspirations.fr\/wp-content\/uploads\/2014\/10\/P1060575-300x225.jpg\" alt=\"P1060575\" width=\"300\" height=\"225\" class=\"alignnone size-medium wp-image-850\" srcset=\"https:\/\/patchworkinspirations.fr\/wp-content\/uploads\/2014\/10\/P1060575-300x225.jpg 300w, https:\/\/patchworkinspirations.fr\/wp-content\/uploads\/2014\/10\/P1060575-1024x768.jpg 1024w, https:\/\/patchworkinspirations.fr\/wp-content\/uploads\/2014\/10\/P1060575-400x300.jpg 400w, https:\/\/patchworkinspirations.fr\/wp-content\/uploads\/2014\/10\/P1060575.jpg 1200w\" sizes=\"auto, (max-width: 300px) 100vw, 300px\" \/><\/a><\/p>\n","protected":false},"excerpt":{"rendered":"<p>Cette page est consacr\u00e9e au sampler de Di Ford que je fais tous les mois avec Homestead Hearth, site bien connu de nos amies quilteuses am\u00e9ricaines. Il est tir\u00e9 du livre Primarily Quilts. Chaque mois, je re\u00e7ois du tissu pour &hellip; <a href=\"https:\/\/patchworkinspirations.fr\/?page_id=674\">Continuer la lecture <span class=\"meta-nav\">&rarr;<\/span><\/a><\/p>\n","protected":false},"author":1,"featured_media":0,"parent":0,"menu_order":0,"comment_status":"open","ping_status":"open","template":"","meta":{"footnotes":""},"class_list":["post-674","page","type-page","status-publish","hentry"],"_links":{"self":[{"href":"https:\/\/patchworkinspirations.fr\/index.php?rest_route=\/wp\/v2\/pages\/674","targetHints":{"allow":["GET"]}}],"collection":[{"href":"https:\/\/patchworkinspirations.fr\/index.php?rest_route=\/wp\/v2\/pages"}],"about":[{"href":"https:\/\/patchworkinspirations.fr\/index.php?rest_route=\/wp\/v2\/types\/page"}],"author":[{"embeddable":true,"href":"https:\/\/patchworkinspirations.fr\/index.php?rest_route=\/wp\/v2\/users\/1"}],"replies":[{"embeddable":true,"href":"https:\/\/patchworkinspirations.fr\/index.php?rest_route=%2Fwp%2Fv2%2Fcomments&post=674"}],"version-history":[{"count":10,"href":"https:\/\/patchworkinspirations.fr\/index.php?rest_route=\/wp\/v2\/pages\/674\/revisions"}],"predecessor-version":[{"id":1239,"href":"https:\/\/patchworkinspirations.fr\/index.php?rest_route=\/wp\/v2\/pages\/674\/revisions\/1239"}],"wp:attachment":[{"href":"https:\/\/patchworkinspirations.fr\/index.php?rest_route=%2Fwp%2Fv2%2Fmedia&parent=674"}],"curies":[{"name":"wp","href":"https:\/\/api.w.org\/{rel}","templated":true}]}}