{"id":623,"date":"2014-09-06T09:48:28","date_gmt":"2014-09-06T08:48:28","guid":{"rendered":"http:\/\/patchworkinspirations.fr\/?page_id=623"},"modified":"2021-03-18T13:54:34","modified_gmt":"2021-03-18T12:54:34","slug":"livres","status":"publish","type":"page","link":"https:\/\/patchworkinspirations.fr\/?page_id=623","title":{"rendered":"Livres"},"content":{"rendered":"<div class=\"fcbkbttn_buttons_block\" id=\"fcbkbttn_left\"><div class=\"fcbkbttn_button\">\n\t\t\t\t\t<a href=\"https:\/\/www.facebook.com\/http:\/\/facebook.com\/patchworkinspirations\" target=\"_blank\">\n\t\t\t\t\t\t<img decoding=\"async\" src=\"https:\/\/patchworkinspirations.fr\/wp-content\/plugins\/facebook-button-plugin\/images\/standard-facebook-ico.png\" alt=\"Fb-Button\" \/>\n\t\t\t\t\t<\/a>\n\t\t\t\t<\/div><div class=\"fcbkbttn_like \"><fb:like href=\"https:\/\/patchworkinspirations.fr\/?page_id=623\" action=\"like\" colorscheme=\"light\" layout=\"button_count\"  size=\"small\"><\/fb:like><\/div><div class=\"fb-share-button  \" data-href=\"https:\/\/patchworkinspirations.fr\/?page_id=623\" data-type=\"button_count\" data-size=\"small\"><\/div><\/div>\n<p>Je ne vais pas vous montrer dans cette rubrique les livres de Di Ford, de Petra Prins ou de Kaffe Fassett (entre autres !!) que nous poss\u00e9dons toutes pour notre plus grand bonheur, mais plut\u00f4t de livres parlant et racontant l&rsquo;histoire des quilts et celle des tissus. Voici quelques-uns de mes pr\u00e9f\u00e9r\u00e9s.<\/p>\n\n\n\n<figure class=\"wp-block-image size-large\"><a href=\"https:\/\/patchworkinspirations.fr\/wp-content\/uploads\/2021\/02\/IMG_2402.jpg\"><img loading=\"lazy\" decoding=\"async\" width=\"1024\" height=\"768\" src=\"https:\/\/patchworkinspirations.fr\/wp-content\/uploads\/2021\/02\/IMG_2402-1024x768.jpg\" alt=\"\" class=\"wp-image-4941\" srcset=\"https:\/\/patchworkinspirations.fr\/wp-content\/uploads\/2021\/02\/IMG_2402-1024x768.jpg 1024w, https:\/\/patchworkinspirations.fr\/wp-content\/uploads\/2021\/02\/IMG_2402-300x225.jpg 300w, https:\/\/patchworkinspirations.fr\/wp-content\/uploads\/2021\/02\/IMG_2402-768x576.jpg 768w, https:\/\/patchworkinspirations.fr\/wp-content\/uploads\/2021\/02\/IMG_2402-400x300.jpg 400w, https:\/\/patchworkinspirations.fr\/wp-content\/uploads\/2021\/02\/IMG_2402.jpg 1200w\" sizes=\"auto, (max-width: 1024px) 100vw, 1024px\" \/><\/a><\/figure>\n\n\n\n<figure class=\"wp-block-image size-large\"><a href=\"https:\/\/patchworkinspirations.fr\/wp-content\/uploads\/2021\/02\/IMG_2403.jpg\"><img loading=\"lazy\" decoding=\"async\" width=\"1024\" height=\"768\" src=\"https:\/\/patchworkinspirations.fr\/wp-content\/uploads\/2021\/02\/IMG_2403-1024x768.jpg\" alt=\"\" class=\"wp-image-4942\" srcset=\"https:\/\/patchworkinspirations.fr\/wp-content\/uploads\/2021\/02\/IMG_2403-1024x768.jpg 1024w, https:\/\/patchworkinspirations.fr\/wp-content\/uploads\/2021\/02\/IMG_2403-300x225.jpg 300w, https:\/\/patchworkinspirations.fr\/wp-content\/uploads\/2021\/02\/IMG_2403-768x576.jpg 768w, https:\/\/patchworkinspirations.fr\/wp-content\/uploads\/2021\/02\/IMG_2403-400x300.jpg 400w, https:\/\/patchworkinspirations.fr\/wp-content\/uploads\/2021\/02\/IMG_2403.jpg 1200w\" sizes=\"auto, (max-width: 1024px) 100vw, 1024px\" \/><\/a><\/figure>\n\n\n\n<figure class=\"wp-block-image size-large\"><a href=\"https:\/\/patchworkinspirations.fr\/wp-content\/uploads\/2021\/02\/IMG_2411.jpg\"><img loading=\"lazy\" decoding=\"async\" width=\"1024\" height=\"768\" src=\"https:\/\/patchworkinspirations.fr\/wp-content\/uploads\/2021\/02\/IMG_2411-1024x768.jpg\" alt=\"\" class=\"wp-image-4950\" srcset=\"https:\/\/patchworkinspirations.fr\/wp-content\/uploads\/2021\/02\/IMG_2411-1024x768.jpg 1024w, https:\/\/patchworkinspirations.fr\/wp-content\/uploads\/2021\/02\/IMG_2411-300x225.jpg 300w, https:\/\/patchworkinspirations.fr\/wp-content\/uploads\/2021\/02\/IMG_2411-768x576.jpg 768w, https:\/\/patchworkinspirations.fr\/wp-content\/uploads\/2021\/02\/IMG_2411-400x300.jpg 400w, https:\/\/patchworkinspirations.fr\/wp-content\/uploads\/2021\/02\/IMG_2411.jpg 1200w\" sizes=\"auto, (max-width: 1024px) 100vw, 1024px\" \/><\/a><\/figure>\n\n\n\n<figure class=\"wp-block-image size-large\"><a href=\"https:\/\/patchworkinspirations.fr\/wp-content\/uploads\/2021\/02\/IMG_2404.jpg\"><img loading=\"lazy\" decoding=\"async\" width=\"1024\" height=\"768\" src=\"https:\/\/patchworkinspirations.fr\/wp-content\/uploads\/2021\/02\/IMG_2404-1024x768.jpg\" alt=\"\" class=\"wp-image-4943\" srcset=\"https:\/\/patchworkinspirations.fr\/wp-content\/uploads\/2021\/02\/IMG_2404-1024x768.jpg 1024w, https:\/\/patchworkinspirations.fr\/wp-content\/uploads\/2021\/02\/IMG_2404-300x225.jpg 300w, https:\/\/patchworkinspirations.fr\/wp-content\/uploads\/2021\/02\/IMG_2404-768x576.jpg 768w, https:\/\/patchworkinspirations.fr\/wp-content\/uploads\/2021\/02\/IMG_2404-400x300.jpg 400w, https:\/\/patchworkinspirations.fr\/wp-content\/uploads\/2021\/02\/IMG_2404.jpg 1200w\" sizes=\"auto, (max-width: 1024px) 100vw, 1024px\" \/><\/a><\/figure>\n\n\n\n<figure class=\"wp-block-image size-large\"><a href=\"https:\/\/patchworkinspirations.fr\/wp-content\/uploads\/2021\/02\/IMG_2405.jpg\"><img loading=\"lazy\" decoding=\"async\" width=\"1024\" height=\"768\" src=\"https:\/\/patchworkinspirations.fr\/wp-content\/uploads\/2021\/02\/IMG_2405-1024x768.jpg\" alt=\"\" class=\"wp-image-4944\" srcset=\"https:\/\/patchworkinspirations.fr\/wp-content\/uploads\/2021\/02\/IMG_2405-1024x768.jpg 1024w, https:\/\/patchworkinspirations.fr\/wp-content\/uploads\/2021\/02\/IMG_2405-300x225.jpg 300w, https:\/\/patchworkinspirations.fr\/wp-content\/uploads\/2021\/02\/IMG_2405-768x576.jpg 768w, https:\/\/patchworkinspirations.fr\/wp-content\/uploads\/2021\/02\/IMG_2405-400x300.jpg 400w, https:\/\/patchworkinspirations.fr\/wp-content\/uploads\/2021\/02\/IMG_2405.jpg 1200w\" sizes=\"auto, (max-width: 1024px) 100vw, 1024px\" \/><\/a><\/figure>\n\n\n\n<figure class=\"wp-block-image size-large\"><a href=\"https:\/\/patchworkinspirations.fr\/wp-content\/uploads\/2021\/02\/IMG_2406.jpg\"><img loading=\"lazy\" decoding=\"async\" width=\"1024\" height=\"768\" src=\"https:\/\/patchworkinspirations.fr\/wp-content\/uploads\/2021\/02\/IMG_2406-1024x768.jpg\" alt=\"\" class=\"wp-image-4945\" srcset=\"https:\/\/patchworkinspirations.fr\/wp-content\/uploads\/2021\/02\/IMG_2406-1024x768.jpg 1024w, https:\/\/patchworkinspirations.fr\/wp-content\/uploads\/2021\/02\/IMG_2406-300x225.jpg 300w, https:\/\/patchworkinspirations.fr\/wp-content\/uploads\/2021\/02\/IMG_2406-768x576.jpg 768w, https:\/\/patchworkinspirations.fr\/wp-content\/uploads\/2021\/02\/IMG_2406-400x300.jpg 400w, https:\/\/patchworkinspirations.fr\/wp-content\/uploads\/2021\/02\/IMG_2406.jpg 1200w\" sizes=\"auto, (max-width: 1024px) 100vw, 1024px\" \/><\/a><\/figure>\n\n\n\n<figure class=\"wp-block-image size-large\"><a href=\"https:\/\/patchworkinspirations.fr\/wp-content\/uploads\/2021\/02\/IMG_2407.jpg\"><img loading=\"lazy\" decoding=\"async\" width=\"1024\" height=\"768\" src=\"https:\/\/patchworkinspirations.fr\/wp-content\/uploads\/2021\/02\/IMG_2407-1024x768.jpg\" alt=\"\" class=\"wp-image-4946\" srcset=\"https:\/\/patchworkinspirations.fr\/wp-content\/uploads\/2021\/02\/IMG_2407-1024x768.jpg 1024w, https:\/\/patchworkinspirations.fr\/wp-content\/uploads\/2021\/02\/IMG_2407-300x225.jpg 300w, https:\/\/patchworkinspirations.fr\/wp-content\/uploads\/2021\/02\/IMG_2407-768x576.jpg 768w, https:\/\/patchworkinspirations.fr\/wp-content\/uploads\/2021\/02\/IMG_2407-400x300.jpg 400w, https:\/\/patchworkinspirations.fr\/wp-content\/uploads\/2021\/02\/IMG_2407.jpg 1200w\" sizes=\"auto, (max-width: 1024px) 100vw, 1024px\" \/><\/a><\/figure>\n\n\n\n<p>Co-\u00e9crit par Barbara Schaffer, une amie.<\/p>\n\n\n\n<figure class=\"wp-block-image size-large\"><a href=\"https:\/\/patchworkinspirations.fr\/wp-content\/uploads\/2021\/02\/IMG_2408.jpg\"><img loading=\"lazy\" decoding=\"async\" width=\"1024\" height=\"768\" src=\"https:\/\/patchworkinspirations.fr\/wp-content\/uploads\/2021\/02\/IMG_2408-1024x768.jpg\" alt=\"\" class=\"wp-image-4947\" srcset=\"https:\/\/patchworkinspirations.fr\/wp-content\/uploads\/2021\/02\/IMG_2408-1024x768.jpg 1024w, https:\/\/patchworkinspirations.fr\/wp-content\/uploads\/2021\/02\/IMG_2408-300x225.jpg 300w, https:\/\/patchworkinspirations.fr\/wp-content\/uploads\/2021\/02\/IMG_2408-768x576.jpg 768w, https:\/\/patchworkinspirations.fr\/wp-content\/uploads\/2021\/02\/IMG_2408-400x300.jpg 400w, https:\/\/patchworkinspirations.fr\/wp-content\/uploads\/2021\/02\/IMG_2408.jpg 1200w\" sizes=\"auto, (max-width: 1024px) 100vw, 1024px\" \/><\/a><figcaption>Co-\u00e9crit par une amie, Barbara Schaffer, j&rsquo;ai pu l&rsquo;obtenir mais d&rsquo;occasion.<\/figcaption><\/figure>\n\n\n\n\n\n<figure class=\"wp-block-image size-large\"><a href=\"https:\/\/patchworkinspirations.fr\/wp-content\/uploads\/2021\/02\/IMG_2409.jpg\"><img loading=\"lazy\" decoding=\"async\" width=\"1024\" height=\"768\" src=\"https:\/\/patchworkinspirations.fr\/wp-content\/uploads\/2021\/02\/IMG_2409-1024x768.jpg\" alt=\"\" class=\"wp-image-4948\" srcset=\"https:\/\/patchworkinspirations.fr\/wp-content\/uploads\/2021\/02\/IMG_2409-1024x768.jpg 1024w, https:\/\/patchworkinspirations.fr\/wp-content\/uploads\/2021\/02\/IMG_2409-300x225.jpg 300w, https:\/\/patchworkinspirations.fr\/wp-content\/uploads\/2021\/02\/IMG_2409-768x576.jpg 768w, https:\/\/patchworkinspirations.fr\/wp-content\/uploads\/2021\/02\/IMG_2409-400x300.jpg 400w, https:\/\/patchworkinspirations.fr\/wp-content\/uploads\/2021\/02\/IMG_2409.jpg 1200w\" sizes=\"auto, (max-width: 1024px) 100vw, 1024px\" \/><\/a><figcaption>Histoire des quilts anglais.<\/figcaption><\/figure>\n\n\n\n<figure class=\"wp-block-image size-large\"><a href=\"https:\/\/patchworkinspirations.fr\/wp-content\/uploads\/2021\/02\/IMG_2410.jpg\"><img loading=\"lazy\" decoding=\"async\" width=\"1024\" height=\"768\" src=\"https:\/\/patchworkinspirations.fr\/wp-content\/uploads\/2021\/02\/IMG_2410-1024x768.jpg\" alt=\"\" class=\"wp-image-4949\" srcset=\"https:\/\/patchworkinspirations.fr\/wp-content\/uploads\/2021\/02\/IMG_2410-1024x768.jpg 1024w, https:\/\/patchworkinspirations.fr\/wp-content\/uploads\/2021\/02\/IMG_2410-300x225.jpg 300w, https:\/\/patchworkinspirations.fr\/wp-content\/uploads\/2021\/02\/IMG_2410-768x576.jpg 768w, https:\/\/patchworkinspirations.fr\/wp-content\/uploads\/2021\/02\/IMG_2410-400x300.jpg 400w, https:\/\/patchworkinspirations.fr\/wp-content\/uploads\/2021\/02\/IMG_2410.jpg 1200w\" sizes=\"auto, (max-width: 1024px) 100vw, 1024px\" \/><\/a><\/figure>\n\n\n\n<figure class=\"wp-block-image size-large\"><a href=\"https:\/\/patchworkinspirations.fr\/wp-content\/uploads\/2021\/02\/IMG_2414.jpg\"><img loading=\"lazy\" decoding=\"async\" width=\"1024\" height=\"768\" src=\"https:\/\/patchworkinspirations.fr\/wp-content\/uploads\/2021\/02\/IMG_2414-1024x768.jpg\" alt=\"\" class=\"wp-image-4953\" srcset=\"https:\/\/patchworkinspirations.fr\/wp-content\/uploads\/2021\/02\/IMG_2414-1024x768.jpg 1024w, https:\/\/patchworkinspirations.fr\/wp-content\/uploads\/2021\/02\/IMG_2414-300x225.jpg 300w, https:\/\/patchworkinspirations.fr\/wp-content\/uploads\/2021\/02\/IMG_2414-768x576.jpg 768w, https:\/\/patchworkinspirations.fr\/wp-content\/uploads\/2021\/02\/IMG_2414-400x300.jpg 400w, https:\/\/patchworkinspirations.fr\/wp-content\/uploads\/2021\/02\/IMG_2414.jpg 1200w\" sizes=\"auto, (max-width: 1024px) 100vw, 1024px\" \/><\/a><figcaption>Livre d&rsquo;occasion.<\/figcaption><\/figure>\n\n\n\n<figure class=\"wp-block-image size-large\"><a href=\"https:\/\/patchworkinspirations.fr\/wp-content\/uploads\/2020\/11\/IMG_2261-rotated.jpg\"><img loading=\"lazy\" decoding=\"async\" width=\"768\" height=\"1024\" src=\"https:\/\/patchworkinspirations.fr\/wp-content\/uploads\/2020\/11\/IMG_2261-768x1024.jpg\" alt=\"\" class=\"wp-image-4834\" srcset=\"https:\/\/patchworkinspirations.fr\/wp-content\/uploads\/2020\/11\/IMG_2261-768x1024.jpg 768w, https:\/\/patchworkinspirations.fr\/wp-content\/uploads\/2020\/11\/IMG_2261-225x300.jpg 225w, https:\/\/patchworkinspirations.fr\/wp-content\/uploads\/2020\/11\/IMG_2261-rotated.jpg 900w\" sizes=\"auto, (max-width: 768px) 100vw, 768px\" \/><\/a><\/figure>\n\n\n\n<figure class=\"wp-block-image size-large\"><a href=\"https:\/\/patchworkinspirations.fr\/wp-content\/uploads\/2021\/02\/IMG_2412.jpg\"><img loading=\"lazy\" decoding=\"async\" width=\"1024\" height=\"768\" src=\"https:\/\/patchworkinspirations.fr\/wp-content\/uploads\/2021\/02\/IMG_2412-1024x768.jpg\" alt=\"\" class=\"wp-image-4951\" srcset=\"https:\/\/patchworkinspirations.fr\/wp-content\/uploads\/2021\/02\/IMG_2412-1024x768.jpg 1024w, https:\/\/patchworkinspirations.fr\/wp-content\/uploads\/2021\/02\/IMG_2412-300x225.jpg 300w, https:\/\/patchworkinspirations.fr\/wp-content\/uploads\/2021\/02\/IMG_2412-768x576.jpg 768w, https:\/\/patchworkinspirations.fr\/wp-content\/uploads\/2021\/02\/IMG_2412-400x300.jpg 400w, https:\/\/patchworkinspirations.fr\/wp-content\/uploads\/2021\/02\/IMG_2412.jpg 1200w\" sizes=\"auto, (max-width: 1024px) 100vw, 1024px\" \/><\/a><figcaption>Livre offert par mon amie Lori de Jarnatt en 2015.<\/figcaption><\/figure>\n\n\n\n<figure class=\"wp-block-image size-large\"><a href=\"https:\/\/patchworkinspirations.fr\/wp-content\/uploads\/2021\/02\/IMG_2413.jpg\"><img loading=\"lazy\" decoding=\"async\" width=\"1024\" height=\"768\" src=\"https:\/\/patchworkinspirations.fr\/wp-content\/uploads\/2021\/02\/IMG_2413-1024x768.jpg\" alt=\"\" class=\"wp-image-4952\" srcset=\"https:\/\/patchworkinspirations.fr\/wp-content\/uploads\/2021\/02\/IMG_2413-1024x768.jpg 1024w, https:\/\/patchworkinspirations.fr\/wp-content\/uploads\/2021\/02\/IMG_2413-300x225.jpg 300w, https:\/\/patchworkinspirations.fr\/wp-content\/uploads\/2021\/02\/IMG_2413-768x576.jpg 768w, https:\/\/patchworkinspirations.fr\/wp-content\/uploads\/2021\/02\/IMG_2413-400x300.jpg 400w, https:\/\/patchworkinspirations.fr\/wp-content\/uploads\/2021\/02\/IMG_2413.jpg 1200w\" sizes=\"auto, (max-width: 1024px) 100vw, 1024px\" \/><\/a><\/figure>\n\n\n\n<figure class=\"wp-block-image size-large\"><a href=\"https:\/\/patchworkinspirations.fr\/wp-content\/uploads\/2021\/03\/IMG_2433-rotated.jpg\"><img loading=\"lazy\" decoding=\"async\" width=\"768\" height=\"1024\" src=\"https:\/\/patchworkinspirations.fr\/wp-content\/uploads\/2021\/03\/IMG_2433-768x1024.jpg\" alt=\"\" class=\"wp-image-4970\" srcset=\"https:\/\/patchworkinspirations.fr\/wp-content\/uploads\/2021\/03\/IMG_2433-768x1024.jpg 768w, https:\/\/patchworkinspirations.fr\/wp-content\/uploads\/2021\/03\/IMG_2433-225x300.jpg 225w, https:\/\/patchworkinspirations.fr\/wp-content\/uploads\/2021\/03\/IMG_2433-rotated.jpg 900w\" sizes=\"auto, (max-width: 768px) 100vw, 768px\" \/><\/a><\/figure>\n","protected":false},"excerpt":{"rendered":"<p>Je ne vais pas vous montrer dans cette rubrique les livres de Di Ford, de Petra Prins ou de Kaffe Fassett (entre autres !!) que nous poss\u00e9dons toutes pour notre plus grand bonheur, mais plut\u00f4t de livres parlant et racontant &hellip; <a href=\"https:\/\/patchworkinspirations.fr\/?page_id=623\">Continuer la lecture <span class=\"meta-nav\">&rarr;<\/span><\/a><\/p>\n","protected":false},"author":1,"featured_media":0,"parent":0,"menu_order":0,"comment_status":"open","ping_status":"open","template":"","meta":{"footnotes":""},"class_list":["post-623","page","type-page","status-publish","hentry"],"_links":{"self":[{"href":"https:\/\/patchworkinspirations.fr\/index.php?rest_route=\/wp\/v2\/pages\/623","targetHints":{"allow":["GET"]}}],"collection":[{"href":"https:\/\/patchworkinspirations.fr\/index.php?rest_route=\/wp\/v2\/pages"}],"about":[{"href":"https:\/\/patchworkinspirations.fr\/index.php?rest_route=\/wp\/v2\/types\/page"}],"author":[{"embeddable":true,"href":"https:\/\/patchworkinspirations.fr\/index.php?rest_route=\/wp\/v2\/users\/1"}],"replies":[{"embeddable":true,"href":"https:\/\/patchworkinspirations.fr\/index.php?rest_route=%2Fwp%2Fv2%2Fcomments&post=623"}],"version-history":[{"count":21,"href":"https:\/\/patchworkinspirations.fr\/index.php?rest_route=\/wp\/v2\/pages\/623\/revisions"}],"predecessor-version":[{"id":4971,"href":"https:\/\/patchworkinspirations.fr\/index.php?rest_route=\/wp\/v2\/pages\/623\/revisions\/4971"}],"wp:attachment":[{"href":"https:\/\/patchworkinspirations.fr\/index.php?rest_route=%2Fwp%2Fv2%2Fmedia&parent=623"}],"curies":[{"name":"wp","href":"https:\/\/api.w.org\/{rel}","templated":true}]}}